{"id":872,"date":"2025-11-07T13:45:55","date_gmt":"2025-11-07T13:45:55","guid":{"rendered":"https:\/\/destine-life.eu\/?page_id=872"},"modified":"2025-11-11T13:58:24","modified_gmt":"2025-11-11T13:58:24","slug":"project-database-2025-local-authority","status":"publish","type":"page","link":"https:\/\/destine-life.eu\/?page_id=872","title":{"rendered":"Project Database 2025 \/ Local Authority"},"content":{"rendered":"<p>KEYWORDS<\/p>\n<p><a href=\"https:\/\/destine-life.eu\/?page_id=665\">ALL<\/a><br \/>\n<a href=\"https:\/\/destine-life.eu\/?page_id=801\">action plan<\/a>, <a href=\"https:\/\/destine-life.eu\/?page_id=805\">agriculture<\/a>, <a href=\"https:\/\/destine-life.eu\/?page_id=732\">airport<\/a>, <a href=\"https:\/\/destine-life.eu\/?page_id=810\">air quality<\/a>, <a href=\"https:\/\/destine-life.eu\/?page_id=812\">best practices<\/a>, <a href=\"https:\/\/destine-life.eu\/?page_id=815\">biomass<\/a>,\u00a0 <a href=\"https:\/\/destine-life.eu\/?page_id=817\">carbon storage<\/a>, <a href=\"https:\/\/destine-life.eu\/?page_id=819\">citizen involvement<\/a>, <a href=\"https:\/\/destine-life.eu\/?page_id=821\">district heating<\/a>, <a href=\"https:\/\/destine-life.eu\/?page_id=823\">ecological coridor<\/a>, <a href=\"https:\/\/destine-life.eu\/?page_id=825\">education<\/a>, <a href=\"https:\/\/destine-life.eu\/?page_id=827\">energy autonomy<\/a>, <a href=\"https:\/\/destine-life.eu\/?page_id=829\">energy community<\/a>,<br \/>\n<a href=\"https:\/\/destine-life.eu\/?page_id=834\">energy efficiency<\/a>, <a href=\"https:\/\/destine-life.eu\/?page_id=836\">energy planning<\/a>, <a href=\"https:\/\/destine-life.eu\/?page_id=838\">energy poverty<\/a>, <a href=\"https:\/\/destine-life.eu\/?page_id=840\">energy storage<\/a>,\u00a0 <a href=\"https:\/\/destine-life.eu\/?page_id=842\">energy renovation<\/a>, <a href=\"https:\/\/destine-life.eu\/?page_id=844\">energy transition<\/a>, <a href=\"https:\/\/destine-life.eu\/?page_id=846\">financial model<\/a>, <a href=\"https:\/\/destine-life.eu\/?page_id=848\">freight mobility<\/a>, <a href=\"https:\/\/destine-life.eu\/?page_id=850\">geothermal energy<\/a>, <a href=\"https:\/\/destine-life.eu\/?page_id=852\">governance<\/a>, <a href=\"https:\/\/destine-life.eu\/?page_id=854\">green technology<\/a>, <a href=\"https:\/\/destine-life.eu\/?page_id=856\">grid<\/a>,\u00a0 <a href=\"https:\/\/destine-life.eu\/?page_id=858\">heating-cooling<\/a>, <a href=\"https:\/\/destine-life.eu\/?page_id=860\">historic<\/a>, <a href=\"https:\/\/destine-life.eu\/?page_id=862\">hydrocarbon wells<\/a>, <a href=\"https:\/\/destine-life.eu\/?page_id=864\">hydrogen<\/a>, <a href=\"https:\/\/destine-life.eu\/?page_id=866\">ICT tool<\/a>,<br \/>\n<a href=\"https:\/\/destine-life.eu\/?page_id=868\">industry<\/a>, <a href=\"https:\/\/destine-life.eu\/?page_id=870\">lighting<\/a>, <a href=\"https:\/\/destine-life.eu\/?page_id=872\">local authority<\/a>, <a href=\"https:\/\/destine-life.eu\/?page_id=874\">logistics<\/a>, <a href=\"https:\/\/destine-life.eu\/?page_id=876\">low carbon<\/a>, <a href=\"https:\/\/destine-life.eu\/?page_id=878\">mobility<\/a>, <a href=\"https:\/\/destine-life.eu\/?page_id=880\">municipality<\/a>, <a href=\"https:\/\/destine-life.eu\/?page_id=882\">navigation<\/a>, <a href=\"https:\/\/destine-life.eu\/?page_id=884\">net zero energy building<\/a>, <a href=\"https:\/\/destine-life.eu\/?page_id=886\">policy<\/a>, <a href=\"https:\/\/destine-life.eu\/?page_id=888\">public authority<\/a>, <a href=\"https:\/\/destine-life.eu\/?page_id=890\">public buildings<\/a>, <a href=\"https:\/\/destine-life.eu\/?page_id=892\">public transport<\/a>, <a href=\"https:\/\/destine-life.eu\/?page_id=894\">renewable energy<\/a>,\u00a0 <a href=\"https:\/\/destine-life.eu\/?page_id=896\">renovation<\/a>, <a href=\"https:\/\/destine-life.eu\/?page_id=898\">rural regions<\/a>, <a href=\"https:\/\/destine-life.eu\/?page_id=900\">smart grid<\/a>, <a href=\"https:\/\/destine-life.eu\/?page_id=902\">SME<\/a>, <a href=\"https:\/\/destine-life.eu\/?page_id=904\">solar energy<\/a>, <a href=\"https:\/\/destine-life.eu\/?page_id=906\">strategy<\/a>,<br \/>\n<a href=\"https:\/\/destine-life.eu\/?page_id=908\">toolkit<\/a>, <a href=\"https:\/\/destine-life.eu\/?page_id=910\">training<\/a>, <a href=\"https:\/\/destine-life.eu\/?page_id=912\">transport<\/a>, <a href=\"https:\/\/destine-life.eu\/?page_id=914\">urban planning<\/a>, <a href=\"https:\/\/destine-life.eu\/?page_id=916\">vessel transport<\/a>, <a href=\"https:\/\/destine-life.eu\/?page_id=918\">waste heat<\/a>, <a href=\"https:\/\/destine-life.eu\/?page_id=920\">waterway transport<\/a>, <a href=\"https:\/\/destine-life.eu\/?page_id=922\">web platform<\/a>, <a href=\"https:\/\/destine-life.eu\/?page_id=924\">3D energy management system<\/a><\/p>\n\n<table id=\"tablepress-53\" class=\"tablepress tablepress-id-53\">\n<thead>\n<tr class=\"row-1\">\n\t<th class=\"column-1\">Project ancronym<\/th><th class=\"column-2\">Project full title<\/th><th class=\"column-3\">Program<\/th><th class=\"column-4\">Duration<\/th><th class=\"column-5\">Objectives<\/th><th class=\"column-6\">Keywords<\/th><th class=\"column-7\">LP organisation <\/th><th class=\"column-8\">LP contact (name)<\/th>\n<\/tr>\n<\/thead>\n<tbody class=\"row-striping row-hover\">\n<tr class=\"row-2\">\n\t<td class=\"column-1\">FEEDSCHOOLS<\/td><td class=\"column-2\">Financing Environmental and Energy efficiency Development in SCHOOLS<br \/>\n<br \/>\n<a href=\"https:\/\/programme2014-20.interreg-central.eu\/Content.Node\/FEEDSCHOOLS.html\" target=\"_blank\">https:\/\/programme2014-20.interreg-central.eu\/Content.Node\/FEEDSCHOOLS.html <\/a><\/td><td class=\"column-3\">INTERREG Central Europe 2014-2020<\/td><td class=\"column-4\">2017-2020<\/td><td class=\"column-5\">The FEEDSCHOOLS project aims to provide local authorities with new solutions, both technical and financial, which will help them to implement \u2018nearly Zero Energy Building\u2019 (NZEB) renovation activities in schools. The innovative approach consists in developing a transnational and holistic support toolkit and a web database of innovative best practices for NZEB renovation. FEEDSCHOOLS also provided open lessons focused on behavioural change in schools.<\/td><td class=\"column-6\">net zero energy building, energy renovation, local authority, toolkit, best practices<\/td><td class=\"column-7\">Italian National Agency for New Technologies, Energy and Sustainable Economic Development<br \/>\n<br \/>\nItaly<\/td><td class=\"column-8\">Mario Tarantini<br \/>\n<br \/>\nmario.tarantini@enea.it<\/td>\n<\/tr>\n<tr class=\"row-3\">\n\t<td class=\"column-1\">LAirA<\/td><td class=\"column-2\">Landside Airport Accessibility<br \/>\n<br \/>\n<a href=\"https:\/\/programme2014-20.interreg-central.eu\/Content.Node\/LAirA.html\" target=\"_blank\">https:\/\/programme2014-20.interreg-central.eu\/Content.Node\/LAirA.html<\/a><\/td><td class=\"column-3\">INTERREG Central Europe 2014-2020<\/td><td class=\"column-4\">2017-2019<\/td><td class=\"column-5\">LAirA\u00a0(Landside Airport Accessibility) addresses the multimodal, smart and low carbon mobility integration of airports in the mobility systems of functional urban areas. The project aimed to reduce energy use and environmental impacts of transport activities by changing mobility behaviours of airport passengers and employees and by creating novel strategies in low carbon mobility planning for local authorities.<\/td><td class=\"column-6\">airport , low carbon,  mobility, urban planning, strategy, local authority<\/td><td class=\"column-7\">Budapest F\u0151v\u00e1ros XVIII. ker\u00fclet Pestszentl\u0151rinc-Pestszentimrei Polg\u00e1rmesteri Hivatal<br \/>\n<br \/>\nHungary<\/td><td class=\"column-8\">laira@bp18.hu<\/td>\n<\/tr>\n<tr class=\"row-4\">\n\t<td class=\"column-1\">SOLEZ<\/td><td class=\"column-2\">Smart Solutions supporting Low Emission Zones and\u00a0other low-carbon mobility policies in EU cities<br \/>\n<br \/>\n<a href=\"https:\/\/programme2014-20.interreg-central.eu\/Content.Node\/SOLEZ.html\" target=\"_blank\">https:\/\/programme2014-20.interreg-central.eu\/Content.Node\/SOLEZ.html<\/a><\/td><td class=\"column-3\">INTERREG Central Europe 2014-2020<\/td><td class=\"column-4\">2016-2019<\/td><td class=\"column-5\">Europe has clear and challenging goals to ensure sustainability of transport in urban areas: halve the use of \u2018conventionally-fuelled\u2019 cars in urban transport by 2030; phase them out in cities by 2050; achieve essentially CO2-free city logistics in major urban centers by 2030. The SOLEZ project designed and pilot tested innovative ICT based tools to help local public administrations to reduce CO2 emission in urban area and give a contribution to achieve these ambitious results!<\/td><td class=\"column-6\">public transport, municipality, energy efficiency, air quality, training, toolkit, local authority<\/td><td class=\"column-7\">Municipality of Vicenza<br \/>\n<br \/>\nItaly<\/td><td class=\"column-8\">Palazzo Trissino<br \/>\n<br \/>\npolitichecomunitarie@comune.vicenza.it<\/td>\n<\/tr>\n<\/tbody>\n<\/table>\n<!-- #tablepress-53 from cache -->\n","protected":false},"excerpt":{"rendered":"<p>KEYWORDS ALL action plan, agriculture, airport, air quality, best practices, biomass,\u00a0 carbon storage, citizen involvement, district heating, ecological coridor, education, energy autonomy, energy community, energy efficiency, energy planning, energy poverty, energy storage,\u00a0 energy renovation, energy transition, financial model, freight mobility, geothermal energy, governance, green technology, grid,\u00a0 heating-cooling, historic, hydrocarbon wells, hydrogen, ICT tool, industry, lighting, &hellip; <a href=\"https:\/\/destine-life.eu\/?page_id=872\" class=\"more-link\">Continue reading <span class=\"screen-reader-text\">Project Database 2025 \/ Local Authority<\/span> <span class=\"meta-nav\">&rarr;<\/span><\/a><\/p>\n","protected":false},"author":1,"featured_media":0,"parent":0,"menu_order":0,"comment_status":"closed","ping_status":"closed","template":"","meta":{"footnotes":""},"class_list":["post-872","page","type-page","status-publish","hentry"],"_links":{"self":[{"href":"https:\/\/destine-life.eu\/index.php?rest_route=\/wp\/v2\/pages\/872","targetHints":{"allow":["GET"]}}],"collection":[{"href":"https:\/\/destine-life.eu\/index.php?rest_route=\/wp\/v2\/pages"}],"about":[{"href":"https:\/\/destine-life.eu\/index.php?rest_route=\/wp\/v2\/types\/page"}],"author":[{"embeddable":true,"href":"https:\/\/destine-life.eu\/index.php?rest_route=\/wp\/v2\/users\/1"}],"replies":[{"embeddable":true,"href":"https:\/\/destine-life.eu\/index.php?rest_route=%2Fwp%2Fv2%2Fcomments&post=872"}],"version-history":[{"count":2,"href":"https:\/\/destine-life.eu\/index.php?rest_route=\/wp\/v2\/pages\/872\/revisions"}],"predecessor-version":[{"id":961,"href":"https:\/\/destine-life.eu\/index.php?rest_route=\/wp\/v2\/pages\/872\/revisions\/961"}],"wp:attachment":[{"href":"https:\/\/destine-life.eu\/index.php?rest_route=%2Fwp%2Fv2%2Fmedia&parent=872"}],"curies":[{"name":"wp","href":"https:\/\/api.w.org\/{rel}","templated":true}]}}