{"id":876,"date":"2025-11-07T13:47:12","date_gmt":"2025-11-07T13:47:12","guid":{"rendered":"https:\/\/destine-life.eu\/?page_id=876"},"modified":"2025-11-11T13:58:01","modified_gmt":"2025-11-11T13:58:01","slug":"project-database-2025-low-carbon","status":"publish","type":"page","link":"https:\/\/destine-life.eu\/?page_id=876","title":{"rendered":"Project Database 2025 \/ Low Carbon"},"content":{"rendered":"<p>KEYWORDS<\/p>\n<p><a href=\"https:\/\/destine-life.eu\/?page_id=665\">ALL<\/a><br \/>\n<a href=\"https:\/\/destine-life.eu\/?page_id=801\">action plan<\/a>, <a href=\"https:\/\/destine-life.eu\/?page_id=805\">agriculture<\/a>, <a href=\"https:\/\/destine-life.eu\/?page_id=732\">airport<\/a>, <a href=\"https:\/\/destine-life.eu\/?page_id=810\">air quality<\/a>, <a href=\"https:\/\/destine-life.eu\/?page_id=812\">best practices<\/a>, <a href=\"https:\/\/destine-life.eu\/?page_id=815\">biomass<\/a>,\u00a0 <a href=\"https:\/\/destine-life.eu\/?page_id=817\">carbon storage<\/a>, <a href=\"https:\/\/destine-life.eu\/?page_id=819\">citizen involvement<\/a>, <a href=\"https:\/\/destine-life.eu\/?page_id=821\">district heating<\/a>, <a href=\"https:\/\/destine-life.eu\/?page_id=823\">ecological coridor<\/a>, <a href=\"https:\/\/destine-life.eu\/?page_id=825\">education<\/a>, <a href=\"https:\/\/destine-life.eu\/?page_id=827\">energy autonomy<\/a>, <a href=\"https:\/\/destine-life.eu\/?page_id=829\">energy community<\/a>,<br \/>\n<a href=\"https:\/\/destine-life.eu\/?page_id=834\">energy efficiency<\/a>, <a href=\"https:\/\/destine-life.eu\/?page_id=836\">energy planning<\/a>, <a href=\"https:\/\/destine-life.eu\/?page_id=838\">energy poverty<\/a>, <a href=\"https:\/\/destine-life.eu\/?page_id=840\">energy storage<\/a>,\u00a0 <a href=\"https:\/\/destine-life.eu\/?page_id=842\">energy renovation<\/a>, <a href=\"https:\/\/destine-life.eu\/?page_id=844\">energy transition<\/a>, <a href=\"https:\/\/destine-life.eu\/?page_id=846\">financial model<\/a>, <a href=\"https:\/\/destine-life.eu\/?page_id=848\">freight mobility<\/a>, <a href=\"https:\/\/destine-life.eu\/?page_id=850\">geothermal energy<\/a>, <a href=\"https:\/\/destine-life.eu\/?page_id=852\">governance<\/a>, <a href=\"https:\/\/destine-life.eu\/?page_id=854\">green technology<\/a>, <a href=\"https:\/\/destine-life.eu\/?page_id=856\">grid<\/a>,\u00a0 <a href=\"https:\/\/destine-life.eu\/?page_id=858\">heating-cooling<\/a>, <a href=\"https:\/\/destine-life.eu\/?page_id=860\">historic<\/a>, <a href=\"https:\/\/destine-life.eu\/?page_id=862\">hydrocarbon wells<\/a>, <a href=\"https:\/\/destine-life.eu\/?page_id=864\">hydrogen<\/a>, <a href=\"https:\/\/destine-life.eu\/?page_id=866\">ICT tool<\/a>,<br \/>\n<a href=\"https:\/\/destine-life.eu\/?page_id=868\">industry<\/a>, <a href=\"https:\/\/destine-life.eu\/?page_id=870\">lighting<\/a>, <a href=\"https:\/\/destine-life.eu\/?page_id=872\">local authority<\/a>, <a href=\"https:\/\/destine-life.eu\/?page_id=874\">logistics<\/a>, <a href=\"https:\/\/destine-life.eu\/?page_id=876\">low carbon<\/a>, <a href=\"https:\/\/destine-life.eu\/?page_id=878\">mobility<\/a>, <a href=\"https:\/\/destine-life.eu\/?page_id=880\">municipality<\/a>, <a href=\"https:\/\/destine-life.eu\/?page_id=882\">navigation<\/a>, <a href=\"https:\/\/destine-life.eu\/?page_id=884\">net zero energy building<\/a>, <a href=\"https:\/\/destine-life.eu\/?page_id=886\">policy<\/a>, <a href=\"https:\/\/destine-life.eu\/?page_id=888\">public authority<\/a>, <a href=\"https:\/\/destine-life.eu\/?page_id=890\">public buildings<\/a>, <a href=\"https:\/\/destine-life.eu\/?page_id=892\">public transport<\/a>, <a href=\"https:\/\/destine-life.eu\/?page_id=894\">renewable energy<\/a>,\u00a0 <a href=\"https:\/\/destine-life.eu\/?page_id=896\">renovation<\/a>, <a href=\"https:\/\/destine-life.eu\/?page_id=898\">rural regions<\/a>, <a href=\"https:\/\/destine-life.eu\/?page_id=900\">smart grid<\/a>, <a href=\"https:\/\/destine-life.eu\/?page_id=902\">SME<\/a>, <a href=\"https:\/\/destine-life.eu\/?page_id=904\">solar energy<\/a>, <a href=\"https:\/\/destine-life.eu\/?page_id=906\">strategy<\/a>,<br \/>\n<a href=\"https:\/\/destine-life.eu\/?page_id=908\">toolkit<\/a>, <a href=\"https:\/\/destine-life.eu\/?page_id=910\">training<\/a>, <a href=\"https:\/\/destine-life.eu\/?page_id=912\">transport<\/a>, <a href=\"https:\/\/destine-life.eu\/?page_id=914\">urban planning<\/a>, <a href=\"https:\/\/destine-life.eu\/?page_id=916\">vessel transport<\/a>, <a href=\"https:\/\/destine-life.eu\/?page_id=918\">waste heat<\/a>, <a href=\"https:\/\/destine-life.eu\/?page_id=920\">waterway transport<\/a>, <a href=\"https:\/\/destine-life.eu\/?page_id=922\">web platform<\/a>, <a href=\"https:\/\/destine-life.eu\/?page_id=924\">3D energy management system<\/a><\/p>\n\n<table id=\"tablepress-51\" class=\"tablepress tablepress-id-51\">\n<thead>\n<tr class=\"row-1\">\n\t<th class=\"column-1\">Project ancronym<\/th><th class=\"column-2\">Project full title<\/th><th class=\"column-3\">Program<\/th><th class=\"column-4\">Duration<\/th><th class=\"column-5\">Objectives<\/th><th class=\"column-6\">Keywords<\/th><th class=\"column-7\">LP organisation <\/th><th class=\"column-8\">LP contact (name)<\/th>\n<\/tr>\n<\/thead>\n<tbody class=\"row-striping row-hover\">\n<tr class=\"row-2\">\n\t<td class=\"column-1\">FIRECE<\/td><td class=\"column-2\">The FIRECE project - fi-compass support for energy efficiency and renewable energy financial instruments<br \/>\n<br \/>\n<a href=\"https:\/\/programme2014-20.interreg-central.eu\/Content.Node\/FIRECE.html\" target=\"_blank\">https:\/\/programme2014-20.interreg-central.eu\/Content.Node\/FIRECE.html<\/a><\/td><td class=\"column-3\">INTERREG Central Europe 2014-2020<\/td><td class=\"column-4\">2017-2020<\/td><td class=\"column-5\">FIRECE project aimed at supporting the industry low carbon transition according to the Regional Energy Plans with the implementation of\u00a0Innovative financial instruments addressed to SMEs.<\/td><td class=\"column-6\">industry, low carbon, energy planning, financial model, SME<\/td><td class=\"column-7\">Chamber of Commerce, Industry, Craft and Agruculture of Venice, Rovigo Delta Lagunare<br \/>\n<br \/>\nItaly<\/td><td class=\"column-8\">Patrizia Reddi<br \/>\n<br \/>\npatrizia.reddi@dl.camcom.it<\/td>\n<\/tr>\n<tr class=\"row-3\">\n\t<td class=\"column-1\">LAirA<\/td><td class=\"column-2\">Landside Airport Accessibility<br \/>\n<br \/>\n<a href=\"https:\/\/programme2014-20.interreg-central.eu\/Content.Node\/LAirA.html\" target=\"_blank\">https:\/\/programme2014-20.interreg-central.eu\/Content.Node\/LAirA.html<\/a><\/td><td class=\"column-3\">INTERREG Central Europe 2014-2020<\/td><td class=\"column-4\">2017-2019<\/td><td class=\"column-5\">LAirA\u00a0(Landside Airport Accessibility) addresses the multimodal, smart and low carbon mobility integration of airports in the mobility systems of functional urban areas. The project aimed to reduce energy use and environmental impacts of transport activities by changing mobility behaviours of airport passengers and employees and by creating novel strategies in low carbon mobility planning for local authorities.<\/td><td class=\"column-6\">airport , low carbon,  mobility, urban planning, strategy, local authority<\/td><td class=\"column-7\">Budapest F\u0151v\u00e1ros XVIII. ker\u00fclet Pestszentl\u0151rinc-Pestszentimrei Polg\u00e1rmesteri Hivatal<br \/>\n<br \/>\nHungary<\/td><td class=\"column-8\">laira@bp18.hu<\/td>\n<\/tr>\n<tr class=\"row-4\">\n\t<td class=\"column-1\">GRENDEL<\/td><td class=\"column-2\">Green and efficient Danube Fleet<br \/>\n<br \/>\n<a href=\"https:\/\/dtp.interreg-danube.eu\/approved-projects\/grendel\" target=\"_blank\">https:\/\/dtp.interreg-danube.eu\/approved-projects\/grendel<\/a><\/td><td class=\"column-3\">INTERREG Danube Transnational Programme 2014-2020<\/td><td class=\"column-4\">2018-2020<\/td><td class=\"column-5\">The GRENDEL project supports the Danube vessel fleet operators and their public counterparts in modernisation of the sector. GRENDEL addresses various fleet modernisation aspects: use of low carbon &amp; alternative fuels, reduction of air pollutant emissions (CO2, NOx, PM) and overall energy consumption. Besides this, transport &amp; logistics management processes are addressed to ensure better integration of the Danube IWT into logistics chains through new services (including River Information Services), digital data provision as well as dedicated tools to improve efficiency of fleet operations.<\/td><td class=\"column-6\">vessel transport, air quality, low carbon, logistics, <\/td><td class=\"column-7\">Pro Danube International<br \/>\n<br \/>\nAustria<\/td><td class=\"column-8\">Herfried Leitner<br \/>\n<br \/>\nsiot@prodanube.eu<\/td>\n<\/tr>\n<tr class=\"row-5\">\n\t<td class=\"column-1\">GREEN DANUBE<\/td><td class=\"column-2\">Integrated transnational policies and practical solutions for an environmentally-friendly Inland Water Transport system in the Danube region<br \/>\n<br \/>\n<a href=\"https:\/\/dtp.interreg-danube.eu\/approved-projects\/green-danube\" target=\"_blank\">https:\/\/dtp.interreg-danube.eu\/approved-projects\/green-danube<\/a><\/td><td class=\"column-3\">INTERREG Danube Transnational Programme 2014-2020<\/td><td class=\"column-4\">2017-2019<\/td><td class=\"column-5\">GREEN DANUBE\u00a0consortium addresses the major challenge of strengthening environmentally friendly, safe and balanced transport systems by adopting a three level approach which targets and focuses on: institutional capacity building by active involvement in pollutant emission reduction along the Danube through measurements of emissions; organizational capacity building and cooperation in the Danube sector for investigation and assessment of existing green technologies and best practices and provide tailor-made innovative solutions and\u00a0individual capacity building by testing the environment information centres through pilot actions that will raise the intensity of cooperation between the Danubian countries, ultimately ensuring\u00a0 long-term transnational cooperation.<\/td><td class=\"column-6\">waterway transport, green technology, low carbon, training, best practices<\/td><td class=\"column-7\">Romanian Maritime Training Centre - CERONAV<br \/>\n<br \/>\nRomania<\/td><td class=\"column-8\">vasilepipirigeanu@ceronav.ro<\/td>\n<\/tr>\n<\/tbody>\n<\/table>\n<!-- #tablepress-51 from cache -->\n","protected":false},"excerpt":{"rendered":"<p>KEYWORDS ALL action plan, agriculture, airport, air quality, best practices, biomass,\u00a0 carbon storage, citizen involvement, district heating, ecological coridor, education, energy autonomy, energy community, energy efficiency, energy planning, energy poverty, energy storage,\u00a0 energy renovation, energy transition, financial model, freight mobility, geothermal energy, governance, green technology, grid,\u00a0 heating-cooling, historic, hydrocarbon wells, hydrogen, ICT tool, industry, lighting, &hellip; <a href=\"https:\/\/destine-life.eu\/?page_id=876\" class=\"more-link\">Continue reading <span class=\"screen-reader-text\">Project Database 2025 \/ Low Carbon<\/span> <span class=\"meta-nav\">&rarr;<\/span><\/a><\/p>\n","protected":false},"author":1,"featured_media":0,"parent":0,"menu_order":0,"comment_status":"closed","ping_status":"closed","template":"","meta":{"footnotes":""},"class_list":["post-876","page","type-page","status-publish","hentry"],"_links":{"self":[{"href":"https:\/\/destine-life.eu\/index.php?rest_route=\/wp\/v2\/pages\/876","targetHints":{"allow":["GET"]}}],"collection":[{"href":"https:\/\/destine-life.eu\/index.php?rest_route=\/wp\/v2\/pages"}],"about":[{"href":"https:\/\/destine-life.eu\/index.php?rest_route=\/wp\/v2\/types\/page"}],"author":[{"embeddable":true,"href":"https:\/\/destine-life.eu\/index.php?rest_route=\/wp\/v2\/users\/1"}],"replies":[{"embeddable":true,"href":"https:\/\/destine-life.eu\/index.php?rest_route=%2Fwp%2Fv2%2Fcomments&post=876"}],"version-history":[{"count":2,"href":"https:\/\/destine-life.eu\/index.php?rest_route=\/wp\/v2\/pages\/876\/revisions"}],"predecessor-version":[{"id":959,"href":"https:\/\/destine-life.eu\/index.php?rest_route=\/wp\/v2\/pages\/876\/revisions\/959"}],"wp:attachment":[{"href":"https:\/\/destine-life.eu\/index.php?rest_route=%2Fwp%2Fv2%2Fmedia&parent=876"}],"curies":[{"name":"wp","href":"https:\/\/api.w.org\/{rel}","templated":true}]}}