{"id":878,"date":"2025-11-07T13:47:38","date_gmt":"2025-11-07T13:47:38","guid":{"rendered":"https:\/\/destine-life.eu\/?page_id=878"},"modified":"2025-11-11T13:57:50","modified_gmt":"2025-11-11T13:57:50","slug":"project-database-2025-mobility","status":"publish","type":"page","link":"https:\/\/destine-life.eu\/?page_id=878","title":{"rendered":"Project Database 2025 \/ Mobility"},"content":{"rendered":"<p>KEYWORDS<\/p>\n<p><a href=\"https:\/\/destine-life.eu\/?page_id=665\">ALL<\/a><br \/>\n<a href=\"https:\/\/destine-life.eu\/?page_id=801\">action plan<\/a>, <a href=\"https:\/\/destine-life.eu\/?page_id=805\">agriculture<\/a>, <a href=\"https:\/\/destine-life.eu\/?page_id=732\">airport<\/a>, <a href=\"https:\/\/destine-life.eu\/?page_id=810\">air quality<\/a>, <a href=\"https:\/\/destine-life.eu\/?page_id=812\">best practices<\/a>, <a href=\"https:\/\/destine-life.eu\/?page_id=815\">biomass<\/a>,\u00a0 <a href=\"https:\/\/destine-life.eu\/?page_id=817\">carbon storage<\/a>, <a href=\"https:\/\/destine-life.eu\/?page_id=819\">citizen involvement<\/a>, <a href=\"https:\/\/destine-life.eu\/?page_id=821\">district heating<\/a>, <a href=\"https:\/\/destine-life.eu\/?page_id=823\">ecological coridor<\/a>, <a href=\"https:\/\/destine-life.eu\/?page_id=825\">education<\/a>, <a href=\"https:\/\/destine-life.eu\/?page_id=827\">energy autonomy<\/a>, <a href=\"https:\/\/destine-life.eu\/?page_id=829\">energy community<\/a>,<br \/>\n<a href=\"https:\/\/destine-life.eu\/?page_id=834\">energy efficiency<\/a>, <a href=\"https:\/\/destine-life.eu\/?page_id=836\">energy planning<\/a>, <a href=\"https:\/\/destine-life.eu\/?page_id=838\">energy poverty<\/a>, <a href=\"https:\/\/destine-life.eu\/?page_id=840\">energy storage<\/a>,\u00a0 <a href=\"https:\/\/destine-life.eu\/?page_id=842\">energy renovation<\/a>, <a href=\"https:\/\/destine-life.eu\/?page_id=844\">energy transition<\/a>, <a href=\"https:\/\/destine-life.eu\/?page_id=846\">financial model<\/a>, <a href=\"https:\/\/destine-life.eu\/?page_id=848\">freight mobility<\/a>, <a href=\"https:\/\/destine-life.eu\/?page_id=850\">geothermal energy<\/a>, <a href=\"https:\/\/destine-life.eu\/?page_id=852\">governance<\/a>, <a href=\"https:\/\/destine-life.eu\/?page_id=854\">green technology<\/a>, <a href=\"https:\/\/destine-life.eu\/?page_id=856\">grid<\/a>,\u00a0 <a href=\"https:\/\/destine-life.eu\/?page_id=858\">heating-cooling<\/a>, <a href=\"https:\/\/destine-life.eu\/?page_id=860\">historic<\/a>, <a href=\"https:\/\/destine-life.eu\/?page_id=862\">hydrocarbon wells<\/a>, <a href=\"https:\/\/destine-life.eu\/?page_id=864\">hydrogen<\/a>, <a href=\"https:\/\/destine-life.eu\/?page_id=866\">ICT tool<\/a>,<br \/>\n<a href=\"https:\/\/destine-life.eu\/?page_id=868\">industry<\/a>, <a href=\"https:\/\/destine-life.eu\/?page_id=870\">lighting<\/a>, <a href=\"https:\/\/destine-life.eu\/?page_id=872\">local authority<\/a>, <a href=\"https:\/\/destine-life.eu\/?page_id=874\">logistics<\/a>, <a href=\"https:\/\/destine-life.eu\/?page_id=876\">low carbon<\/a>, <a href=\"https:\/\/destine-life.eu\/?page_id=878\">mobility<\/a>, <a href=\"https:\/\/destine-life.eu\/?page_id=880\">municipality<\/a>, <a href=\"https:\/\/destine-life.eu\/?page_id=882\">navigation<\/a>, <a href=\"https:\/\/destine-life.eu\/?page_id=884\">net zero energy building<\/a>, <a href=\"https:\/\/destine-life.eu\/?page_id=886\">policy<\/a>, <a href=\"https:\/\/destine-life.eu\/?page_id=888\">public authority<\/a>, <a href=\"https:\/\/destine-life.eu\/?page_id=890\">public buildings<\/a>, <a href=\"https:\/\/destine-life.eu\/?page_id=892\">public transport<\/a>, <a href=\"https:\/\/destine-life.eu\/?page_id=894\">renewable energy<\/a>,\u00a0 <a href=\"https:\/\/destine-life.eu\/?page_id=896\">renovation<\/a>, <a href=\"https:\/\/destine-life.eu\/?page_id=898\">rural regions<\/a>, <a href=\"https:\/\/destine-life.eu\/?page_id=900\">smart grid<\/a>, <a href=\"https:\/\/destine-life.eu\/?page_id=902\">SME<\/a>, <a href=\"https:\/\/destine-life.eu\/?page_id=904\">solar energy<\/a>, <a href=\"https:\/\/destine-life.eu\/?page_id=906\">strategy<\/a>,<br \/>\n<a href=\"https:\/\/destine-life.eu\/?page_id=908\">toolkit<\/a>, <a href=\"https:\/\/destine-life.eu\/?page_id=910\">training<\/a>, <a href=\"https:\/\/destine-life.eu\/?page_id=912\">transport<\/a>, <a href=\"https:\/\/destine-life.eu\/?page_id=914\">urban planning<\/a>, <a href=\"https:\/\/destine-life.eu\/?page_id=916\">vessel transport<\/a>, <a href=\"https:\/\/destine-life.eu\/?page_id=918\">waste heat<\/a>, <a href=\"https:\/\/destine-life.eu\/?page_id=920\">waterway transport<\/a>, <a href=\"https:\/\/destine-life.eu\/?page_id=922\">web platform<\/a>, <a href=\"https:\/\/destine-life.eu\/?page_id=924\">3D energy management system<\/a><\/p>\n\n<table id=\"tablepress-50\" class=\"tablepress tablepress-id-50\">\n<thead>\n<tr class=\"row-1\">\n\t<th class=\"column-1\">Project ancronym<\/th><th class=\"column-2\">Project full title<\/th><th class=\"column-3\">Program<\/th><th class=\"column-4\">Duration<\/th><th class=\"column-5\">Objectives<\/th><th class=\"column-6\">Keywords<\/th><th class=\"column-7\">LP organisation <\/th><th class=\"column-8\">LP contact (name)<\/th>\n<\/tr>\n<\/thead>\n<tbody class=\"row-striping row-hover\">\n<tr class=\"row-2\">\n\t<td class=\"column-1\">Dynaxibiliti4CE<\/td><td class=\"column-2\">Dynaxibiliti for Central Europe<br \/>\n<br \/>\n<a href=\"https:\/\/programme2014-20.interreg-central.eu\/Content.Node\/Dynaxibility4CE.html\" target=\"_blank\">https:\/\/programme2014-20.interreg-central.eu\/Content.Node\/Dynaxibility4CE.html<\/a><\/td><td class=\"column-3\">INTERREG Central Europe 2014-2020<\/td><td class=\"column-4\">2020-2022<\/td><td class=\"column-5\">The Dynaxibility4CE, as part of an experimental call from the Interreg Central Europe program, focuses on the priority of low-carbon mobility and air quality. It aims to increase the ability of public transport authorities to deal with new mobility trends. This will be achieved by developing strategies and tools for public (transport) authorities that strengthen the planning capacities of cities throughout the region of Central Europe. Thus, the project enables these authorities to become key actors for creating low-carbon and low-pollution mobility systems in their respective regions.           <\/td><td class=\"column-6\">low-carbon, mobility, air quality, public transport, strategy<\/td><td class=\"column-7\">Leipziger Verkehrsbetriebe<br \/>\n<br \/>\nGermany<\/td><td class=\"column-8\">Niklas Schmalholz; Laura Babio<br \/>\n<br \/>\nnschmalholz@polisnetwork.eu; <br \/>\nLBabio@polisnetwork.eu<\/td>\n<\/tr>\n<tr class=\"row-3\">\n\t<td class=\"column-1\">EfficienCe<\/td><td class=\"column-2\"><a href=\"https:\/\/programme2014-20.interreg-central.eu\/Content.Node\/EfficienCE.html\" target=\"_blank\">https:\/\/programme2014-20.interreg-central.eu\/Content.Node\/EfficienCE.html <\/a><\/td><td class=\"column-3\">INTERREG Central Europe 2014-2020<\/td><td class=\"column-4\">2019-2022<\/td><td class=\"column-5\">EfficienCE aimed at reducing the carbon footprint in the region. Most central European cities have extensive public transport systems, which can form the basis of low-carbon mobility services. More than 63% of commuters in the region are using public transport. Measures to increase the energy efficiency and share of renewables in public transport infrastructure can thus have a particularly high impact on reducing CO2.<\/td><td class=\"column-6\">low-carbon, mobility, energy efficiency, public transport<\/td><td class=\"column-7\">City of Leipzig, Digital City Unit<br \/>\n<br \/>\nGermany<\/td><td class=\"column-8\">Dr. Beate Ginzel<br \/>\n<br \/>\nbeate.ginzel@lepzig.de<\/td>\n<\/tr>\n<tr class=\"row-4\">\n\t<td class=\"column-1\">LAirA<\/td><td class=\"column-2\">Landside Airport Accessibility<br \/>\n<br \/>\n<a href=\"https:\/\/programme2014-20.interreg-central.eu\/Content.Node\/LAirA.html\" target=\"_blank\">https:\/\/programme2014-20.interreg-central.eu\/Content.Node\/LAirA.html<\/a><\/td><td class=\"column-3\">INTERREG Central Europe 2014-2020<\/td><td class=\"column-4\">2017-2019<\/td><td class=\"column-5\">LAirA\u00a0(Landside Airport Accessibility) addresses the multimodal, smart and low carbon mobility integration of airports in the mobility systems of functional urban areas. The project aimed to reduce energy use and environmental impacts of transport activities by changing mobility behaviours of airport passengers and employees and by creating novel strategies in low carbon mobility planning for local authorities.<\/td><td class=\"column-6\">airport , low carbon,  mobility, urban planning, strategy, local authority<\/td><td class=\"column-7\">Budapest F\u0151v\u00e1ros XVIII. ker\u00fclet Pestszentl\u0151rinc-Pestszentimrei Polg\u00e1rmesteri Hivatal<br \/>\n<br \/>\nHungary<\/td><td class=\"column-8\">laira@bp18.hu<\/td>\n<\/tr>\n<tr class=\"row-5\">\n\t<td class=\"column-1\">LOW-CARB<\/td><td class=\"column-2\">Planning for Low-Carbon Mobility<br \/>\n<br \/>\n<a href=\"https:\/\/programme2014-20.interreg-central.eu\/Content.Node\/LOW-CARB.html\" target=\"_blank\">https:\/\/programme2014-20.interreg-central.eu\/Content.Node\/LOW-CARB.html<\/a><\/td><td class=\"column-3\">INTERREG Central Europe 2014-2020<\/td><td class=\"column-4\">2018-2020<\/td><td class=\"column-5\">LOW-CARB was a transnational project in Central Europe increasing the planning capacities of organisations and city governments to transition to low-carbon mobility and transportation. It tackled burning issues of\u00a0Sustainable Urban Mobility Planning\u00a0such as integrating low-carbon mobility measures for users, creating institutional cooperation and fostering joint financing, as well as facilitating Functional Urban Areas with creating action plans that make low-carbon transit a reality. It ran during 2020.<\/td><td class=\"column-6\">low-carbon, mobility, public transport, urban planning, financial model<\/td><td class=\"column-7\">Leipziger Verkehrsbetriebe GmbH<br \/>\n<br \/>\nGermany<\/td><td class=\"column-8\">Carsten Schuldt<br \/>\n<br \/>\ncarsten.schuldt@L.de<\/td>\n<\/tr>\n<tr class=\"row-6\">\n\t<td class=\"column-1\">MOVECIT<\/td><td class=\"column-2\">Engaging employers from public bodies in establishing sustainable mobility and mobility\u00a0planning<br \/>\n<br \/>\n<a href=\"https:\/\/programme2014-20.interreg-central.eu\/Content.Node\/MOVECIT.html\" target=\"_blank\">https:\/\/programme2014-20.interreg-central.eu\/Content.Node\/MOVECIT.html<\/a><\/td><td class=\"column-3\">INTERREG Central Europe 2014-2020<\/td><td class=\"column-4\">2016-2019<\/td><td class=\"column-5\">The project has addressed the challenge of arising number of individual motorized transportation.\u00a0It targets mostly the employees of the city public institutions which are mainly responsible for development of city, which are responsible for own travel commuting habits and impact on low carbon environment.<\/td><td class=\"column-6\">low-carbon, mobility, public transport, urban planning, <\/td><td class=\"column-7\">-<\/td><td class=\"column-8\">-<\/td>\n<\/tr>\n<tr class=\"row-7\">\n\t<td class=\"column-1\">SULPiTER<\/td><td class=\"column-2\">Sustainable Urban Logistics PlannIng To Enhance Regional Freight. Transport<br \/>\n<br \/>\n<a href=\"https:\/\/programme2014-20.interreg-central.eu\/Content.Node\/SULPiTER.html\" target=\"_blank\">https:\/\/programme2014-20.interreg-central.eu\/Content.Node\/SULPiTER.html<\/a><\/td><td class=\"column-3\">INTERREG Cerntral Europe 2014-2020<\/td><td class=\"column-4\">-<\/td><td class=\"column-5\">SULPITER\u00a0has\u00a0supported policy makers in improving their understanding of FUAs freight\u00a0phenomena in an energy and environmental perspective. The project has\u00a0enhanced their capacity in urban freight mobility planning\u00a0in order to develop and adopt\u00a0sustainable urban logistics plans\u00a0(SULPs). Policy makers in Bologna, Budapest, Poznan, Brescia, Stuttgart, Maribor and Rijeka have worked together with further local, regional and national non-partner authorities and with technical partners.<\/td><td class=\"column-6\">freight mobility, urban planning, strategy<\/td><td class=\"column-7\">Institute for Transport and Logistics Foundation - ITL<br \/>\n<br \/>\nItaly<\/td><td class=\"column-8\">giueseppe.luppino@regione.emilia-romagna.it<\/td>\n<\/tr>\n<tr class=\"row-8\">\n\t<td class=\"column-1\">CITYWALK<\/td><td class=\"column-2\">Towards energy responsible places: establishing walkable cities in the Danube Region<br \/>\n<br \/>\n<a href=\"https:\/\/dtp.interreg-danube.eu\/approved-projects\/citywalk\" target=\"_blank\">https:\/\/dtp.interreg-danube.eu\/approved-projects\/citywalk<\/a><\/td><td class=\"column-3\">INTERREG Danube Transnational Programme 2014-2020<\/td><td class=\"column-4\">2016-2019<\/td><td class=\"column-5\">CityWalk project helps cities in the Danube Region to reduce emissions, noise and to become safer, better places to live, by increasing the role of more sustainable forms of mobility in the urban transport mix, especially active transport forms \u2013 like walking and biking. To do so the main focus of project is to improve the key conditions of walkability.<\/td><td class=\"column-6\">air quality, mobility, municipality, urban planning<\/td><td class=\"column-7\">Scientific Research centre Bistra Ptuj<br \/>\n<br \/>\nSlovenia<\/td><td class=\"column-8\">Danilo Ceh<br \/>\n<br \/>\ndanilo.ceh@bistra.si<\/td>\n<\/tr>\n<tr class=\"row-9\">\n\t<td class=\"column-1\">Linking Danube<\/td><td class=\"column-2\">Linking transnational, multimodal traveller information and journey planners for environmentally-friendly mobility in the Danube Region<br \/>\n<br \/>\n<a href=\"https:\/\/dtp.interreg-danube.eu\/approved-projects\/linking-danube\" target=\"_blank\">https:\/\/dtp.interreg-danube.eu\/approved-projects\/linking-danube<\/a><\/td><td class=\"column-3\">INTERREG Danube Transnational Programme 2014-2020<\/td><td class=\"column-4\">2017-2019<\/td><td class=\"column-5\">LinkingDanube\u00a0tackles the\u00a0problem of\u00a0insufficient provision of cross-border traveller information on public transport, particularly considering cross-border commuting and mobility in rural areas . The overall project objective is to foster environmentally-friendly mobility options and balanced accessibility in the Danube Region. LinkingDanube especially focuses on connecting less accessible areas in the Danube region by linking alternative public transport services and integrating demand transport data into the services. Therefore the integration of transport-on-demand service information is one of the core elements in the project.<\/td><td class=\"column-6\">public transport, rural regions, mobility<\/td><td class=\"column-7\">AustriaTech Federal Agency for Technological Measures Ltd.<br \/>\n<br \/>\nAustria<\/td><td class=\"column-8\">Martin Boehm<br \/>\n<br \/>\nmartin.boehm@austriatech.at<\/td>\n<\/tr>\n<\/tbody>\n<\/table>\n<!-- #tablepress-50 from cache -->\n","protected":false},"excerpt":{"rendered":"<p>KEYWORDS ALL action plan, agriculture, airport, air quality, best practices, biomass,\u00a0 carbon storage, citizen involvement, district heating, ecological coridor, education, energy autonomy, energy community, energy efficiency, energy planning, energy poverty, energy storage,\u00a0 energy renovation, energy transition, financial model, freight mobility, geothermal energy, governance, green technology, grid,\u00a0 heating-cooling, historic, hydrocarbon wells, hydrogen, ICT tool, industry, lighting, &hellip; <a href=\"https:\/\/destine-life.eu\/?page_id=878\" class=\"more-link\">Continue reading <span class=\"screen-reader-text\">Project Database 2025 \/ Mobility<\/span> <span class=\"meta-nav\">&rarr;<\/span><\/a><\/p>\n","protected":false},"author":1,"featured_media":0,"parent":0,"menu_order":0,"comment_status":"closed","ping_status":"closed","template":"","meta":{"footnotes":""},"class_list":["post-878","page","type-page","status-publish","hentry"],"_links":{"self":[{"href":"https:\/\/destine-life.eu\/index.php?rest_route=\/wp\/v2\/pages\/878","targetHints":{"allow":["GET"]}}],"collection":[{"href":"https:\/\/destine-life.eu\/index.php?rest_route=\/wp\/v2\/pages"}],"about":[{"href":"https:\/\/destine-life.eu\/index.php?rest_route=\/wp\/v2\/types\/page"}],"author":[{"embeddable":true,"href":"https:\/\/destine-life.eu\/index.php?rest_route=\/wp\/v2\/users\/1"}],"replies":[{"embeddable":true,"href":"https:\/\/destine-life.eu\/index.php?rest_route=%2Fwp%2Fv2%2Fcomments&post=878"}],"version-history":[{"count":2,"href":"https:\/\/destine-life.eu\/index.php?rest_route=\/wp\/v2\/pages\/878\/revisions"}],"predecessor-version":[{"id":958,"href":"https:\/\/destine-life.eu\/index.php?rest_route=\/wp\/v2\/pages\/878\/revisions\/958"}],"wp:attachment":[{"href":"https:\/\/destine-life.eu\/index.php?rest_route=%2Fwp%2Fv2%2Fmedia&parent=878"}],"curies":[{"name":"wp","href":"https:\/\/api.w.org\/{rel}","templated":true}]}}