{"id":886,"date":"2025-11-07T13:52:49","date_gmt":"2025-11-07T13:52:49","guid":{"rendered":"https:\/\/destine-life.eu\/?page_id=886"},"modified":"2025-11-11T13:56:58","modified_gmt":"2025-11-11T13:56:58","slug":"project-database-2025-policy","status":"publish","type":"page","link":"https:\/\/destine-life.eu\/?page_id=886","title":{"rendered":"Project Database 2025 \/ Policy"},"content":{"rendered":"<p>KEYWORDS<\/p>\n<p><a href=\"https:\/\/destine-life.eu\/?page_id=665\">ALL<\/a><br \/>\n<a href=\"https:\/\/destine-life.eu\/?page_id=801\">action plan<\/a>, <a href=\"https:\/\/destine-life.eu\/?page_id=805\">agriculture<\/a>, <a href=\"https:\/\/destine-life.eu\/?page_id=732\">airport<\/a>, <a href=\"https:\/\/destine-life.eu\/?page_id=810\">air quality<\/a>, <a href=\"https:\/\/destine-life.eu\/?page_id=812\">best practices<\/a>, <a href=\"https:\/\/destine-life.eu\/?page_id=815\">biomass<\/a>,\u00a0 <a href=\"https:\/\/destine-life.eu\/?page_id=817\">carbon storage<\/a>, <a href=\"https:\/\/destine-life.eu\/?page_id=819\">citizen involvement<\/a>, <a href=\"https:\/\/destine-life.eu\/?page_id=821\">district heating<\/a>, <a href=\"https:\/\/destine-life.eu\/?page_id=823\">ecological coridor<\/a>, <a href=\"https:\/\/destine-life.eu\/?page_id=825\">education<\/a>, <a href=\"https:\/\/destine-life.eu\/?page_id=827\">energy autonomy<\/a>, <a href=\"https:\/\/destine-life.eu\/?page_id=829\">energy community<\/a>,<br \/>\n<a href=\"https:\/\/destine-life.eu\/?page_id=834\">energy efficiency<\/a>, <a href=\"https:\/\/destine-life.eu\/?page_id=836\">energy planning<\/a>, <a href=\"https:\/\/destine-life.eu\/?page_id=838\">energy poverty<\/a>, <a href=\"https:\/\/destine-life.eu\/?page_id=840\">energy storage<\/a>,\u00a0 <a href=\"https:\/\/destine-life.eu\/?page_id=842\">energy renovation<\/a>, <a href=\"https:\/\/destine-life.eu\/?page_id=844\">energy transition<\/a>, <a href=\"https:\/\/destine-life.eu\/?page_id=846\">financial model<\/a>, <a href=\"https:\/\/destine-life.eu\/?page_id=848\">freight mobility<\/a>, <a href=\"https:\/\/destine-life.eu\/?page_id=850\">geothermal energy<\/a>, <a href=\"https:\/\/destine-life.eu\/?page_id=852\">governance<\/a>, <a href=\"https:\/\/destine-life.eu\/?page_id=854\">green technology<\/a>, <a href=\"https:\/\/destine-life.eu\/?page_id=856\">grid<\/a>,\u00a0 <a href=\"https:\/\/destine-life.eu\/?page_id=858\">heating-cooling<\/a>, <a href=\"https:\/\/destine-life.eu\/?page_id=860\">historic<\/a>, <a href=\"https:\/\/destine-life.eu\/?page_id=862\">hydrocarbon wells<\/a>, <a href=\"https:\/\/destine-life.eu\/?page_id=864\">hydrogen<\/a>, <a href=\"https:\/\/destine-life.eu\/?page_id=866\">ICT tool<\/a>,<br \/>\n<a href=\"https:\/\/destine-life.eu\/?page_id=868\">industry<\/a>, <a href=\"https:\/\/destine-life.eu\/?page_id=870\">lighting<\/a>, <a href=\"https:\/\/destine-life.eu\/?page_id=872\">local authority<\/a>, <a href=\"https:\/\/destine-life.eu\/?page_id=874\">logistics<\/a>, <a href=\"https:\/\/destine-life.eu\/?page_id=876\">low carbon<\/a>, <a href=\"https:\/\/destine-life.eu\/?page_id=878\">mobility<\/a>, <a href=\"https:\/\/destine-life.eu\/?page_id=880\">municipality<\/a>, <a href=\"https:\/\/destine-life.eu\/?page_id=882\">navigation<\/a>, <a href=\"https:\/\/destine-life.eu\/?page_id=884\">net zero energy building<\/a>, <a href=\"https:\/\/destine-life.eu\/?page_id=886\">policy<\/a>, <a href=\"https:\/\/destine-life.eu\/?page_id=888\">public authority<\/a>, <a href=\"https:\/\/destine-life.eu\/?page_id=890\">public buildings<\/a>, <a href=\"https:\/\/destine-life.eu\/?page_id=892\">public transport<\/a>, <a href=\"https:\/\/destine-life.eu\/?page_id=894\">renewable energy<\/a>,\u00a0 <a href=\"https:\/\/destine-life.eu\/?page_id=896\">renovation<\/a>, <a href=\"https:\/\/destine-life.eu\/?page_id=898\">rural regions<\/a>, <a href=\"https:\/\/destine-life.eu\/?page_id=900\">smart grid<\/a>, <a href=\"https:\/\/destine-life.eu\/?page_id=902\">SME<\/a>, <a href=\"https:\/\/destine-life.eu\/?page_id=904\">solar energy<\/a>, <a href=\"https:\/\/destine-life.eu\/?page_id=906\">strategy<\/a>,<br \/>\n<a href=\"https:\/\/destine-life.eu\/?page_id=908\">toolkit<\/a>, <a href=\"https:\/\/destine-life.eu\/?page_id=910\">training<\/a>, <a href=\"https:\/\/destine-life.eu\/?page_id=912\">transport<\/a>, <a href=\"https:\/\/destine-life.eu\/?page_id=914\">urban planning<\/a>, <a href=\"https:\/\/destine-life.eu\/?page_id=916\">vessel transport<\/a>, <a href=\"https:\/\/destine-life.eu\/?page_id=918\">waste heat<\/a>, <a href=\"https:\/\/destine-life.eu\/?page_id=920\">waterway transport<\/a>, <a href=\"https:\/\/destine-life.eu\/?page_id=922\">web platform<\/a>, <a href=\"https:\/\/destine-life.eu\/?page_id=924\">3D energy management system<\/a><\/p>\n\n<table id=\"tablepress-40\" class=\"tablepress tablepress-id-40\">\n<thead>\n<tr class=\"row-1\">\n\t<th class=\"column-1\">Project ancronym<\/th><th class=\"column-2\">Project full title<\/th><th class=\"column-3\">Program<\/th><th class=\"column-4\">Duration<\/th><th class=\"column-5\">Objectives<\/th><th class=\"column-6\">Keywords<\/th><th class=\"column-7\">LP organisation <\/th><th class=\"column-8\">LP contact (name)<\/th>\n<\/tr>\n<\/thead>\n<tbody class=\"row-striping row-hover\">\n<tr class=\"row-2\">\n\t<td class=\"column-1\">CitiEnGov<\/td><td class=\"column-2\">Cities for a Good Energy Governance<br \/>\n<br \/>\n<a href=\"https:\/\/programme2014-20.interreg-central.eu\/Content.Node\/CitiEnGov.html\" target=\"_blank\">https:\/\/programme2014-20.interreg-central.eu\/Content.Node\/CitiEnGov.html <\/a><\/td><td class=\"column-3\">INTERREG Central Europe 2014-2020<\/td><td class=\"column-4\">2017-2019<\/td><td class=\"column-5\">To improve territorial based low-carbon energy planning strategies and policies supporting climate change mitigation.<\/td><td class=\"column-6\">energy efficiency,  policy, public authority, toolkit<\/td><td class=\"column-7\">Sipro Development Agency<br \/>\n<br \/>\nItaly<\/td><td class=\"column-8\">info@siproferrara.com<\/td>\n<\/tr>\n<tr class=\"row-3\">\n\t<td class=\"column-1\">STORE4HUC<\/td><td class=\"column-2\"><a href=\"https:\/\/programme2014-20.interreg-central.eu\/Content.Node\/Store4HUC.html\" target=\"_blank\">https:\/\/programme2014-20.interreg-central.eu\/Content.Node\/Store4HUC.html<\/a><\/td><td class=\"column-3\">INTERREG Central Europe 2014-2020<\/td><td class=\"column-4\">2019-2022<\/td><td class=\"column-5\">The\u00a0STORE4HUC\u00a0project aimed to improve territorial low-carbon energy planning strategies. It enriched policies that support climate mitigation in historic urban centers by developing\u00a0policy recommendations\u00a0for implementation and sharing lessons learned in\u00a0our four pilot sites. There, we realized storage solutions in historic urban areas and experienced and overcame difficulties firsthand. We also developed\u00a0energy management tools\u00a0for various stakeholders to help them make decisions about investing in an energy storage solution.<\/td><td class=\"column-6\">low-carbon, energy planning, urban planning, strategy, policy, historic, energy storage<\/td><td class=\"column-7\">Development Agency Sinergija<br \/>\n<br \/>\nSlovenia<\/td><td class=\"column-8\">sinergija@ra-sinergija.si<\/td>\n<\/tr>\n<tr class=\"row-4\">\n\t<td class=\"column-1\">Greetgeo<\/td><td class=\"column-2\">Green transition with geothermal energy<br \/>\n<br \/>\n<a href=\"https:\/\/greetgeo.eu\/\" target=\"_blank\">https:\/\/greetgeo.eu\/<\/a><\/td><td class=\"column-3\">European Innovation Council and SMEs Executive Agency green research and innovation programme under gran agreement N\u00ba1011180405<\/td><td class=\"column-4\">2025-2027<\/td><td class=\"column-5\">Greet GEO will increase the capacity of regional innovation ecosystems, especially SMEs in certain less developed Central European (Pannonian Basin) regions and in selected outermost regions in a synergetic manner. It focuses on the utilization of geothermal resources with a holistic approach, with niche pilots in deep geothermal and shallow geothermal, in line with the specific domains and niches, and needs of the target regions.<\/td><td class=\"column-6\">geothermal energy, SME, capacity increase, policy<\/td><td class=\"column-7\">Energy institute\u00a0HRVOJE PO\u017dAR<br \/>\n<br \/>\nCroatia<\/td><td class=\"column-8\">Dra\u017een Jak\u0161i\u0107<br \/>\n<br \/>\neihp@eihp.hr<\/td>\n<\/tr>\n<\/tbody>\n<\/table>\n<!-- #tablepress-40 from cache -->\n","protected":false},"excerpt":{"rendered":"<p>KEYWORDS ALL action plan, agriculture, airport, air quality, best practices, biomass,\u00a0 carbon storage, citizen involvement, district heating, ecological coridor, education, energy autonomy, energy community, energy efficiency, energy planning, energy poverty, energy storage,\u00a0 energy renovation, energy transition, financial model, freight mobility, geothermal energy, governance, green technology, grid,\u00a0 heating-cooling, historic, hydrocarbon wells, hydrogen, ICT tool, industry, lighting, &hellip; <a href=\"https:\/\/destine-life.eu\/?page_id=886\" class=\"more-link\">Continue reading <span class=\"screen-reader-text\">Project Database 2025 \/ Policy<\/span> <span class=\"meta-nav\">&rarr;<\/span><\/a><\/p>\n","protected":false},"author":1,"featured_media":0,"parent":0,"menu_order":0,"comment_status":"closed","ping_status":"closed","template":"","meta":{"footnotes":""},"class_list":["post-886","page","type-page","status-publish","hentry"],"_links":{"self":[{"href":"https:\/\/destine-life.eu\/index.php?rest_route=\/wp\/v2\/pages\/886","targetHints":{"allow":["GET"]}}],"collection":[{"href":"https:\/\/destine-life.eu\/index.php?rest_route=\/wp\/v2\/pages"}],"about":[{"href":"https:\/\/destine-life.eu\/index.php?rest_route=\/wp\/v2\/types\/page"}],"author":[{"embeddable":true,"href":"https:\/\/destine-life.eu\/index.php?rest_route=\/wp\/v2\/users\/1"}],"replies":[{"embeddable":true,"href":"https:\/\/destine-life.eu\/index.php?rest_route=%2Fwp%2Fv2%2Fcomments&post=886"}],"version-history":[{"count":2,"href":"https:\/\/destine-life.eu\/index.php?rest_route=\/wp\/v2\/pages\/886\/revisions"}],"predecessor-version":[{"id":954,"href":"https:\/\/destine-life.eu\/index.php?rest_route=\/wp\/v2\/pages\/886\/revisions\/954"}],"wp:attachment":[{"href":"https:\/\/destine-life.eu\/index.php?rest_route=%2Fwp%2Fv2%2Fmedia&parent=886"}],"curies":[{"name":"wp","href":"https:\/\/api.w.org\/{rel}","templated":true}]}}