{"id":902,"date":"2025-11-07T14:10:05","date_gmt":"2025-11-07T14:10:05","guid":{"rendered":"https:\/\/destine-life.eu\/?page_id=902"},"modified":"2025-11-11T13:55:23","modified_gmt":"2025-11-11T13:55:23","slug":"project-database-2025-sme","status":"publish","type":"page","link":"https:\/\/destine-life.eu\/?page_id=902","title":{"rendered":"Project Database 2025 \/ SME"},"content":{"rendered":"<p>KEYWORDS<\/p>\n<p><a href=\"https:\/\/destine-life.eu\/?page_id=665\">ALL<\/a><br \/>\n<a href=\"https:\/\/destine-life.eu\/?page_id=801\">action plan<\/a>, <a href=\"https:\/\/destine-life.eu\/?page_id=805\">agriculture<\/a>, <a href=\"https:\/\/destine-life.eu\/?page_id=732\">airport<\/a>, <a href=\"https:\/\/destine-life.eu\/?page_id=810\">air quality<\/a>, <a href=\"https:\/\/destine-life.eu\/?page_id=812\">best practices<\/a>, <a href=\"https:\/\/destine-life.eu\/?page_id=815\">biomass<\/a>,\u00a0 <a href=\"https:\/\/destine-life.eu\/?page_id=817\">carbon storage<\/a>, <a href=\"https:\/\/destine-life.eu\/?page_id=819\">citizen involvement<\/a>, <a href=\"https:\/\/destine-life.eu\/?page_id=821\">district heating<\/a>, <a href=\"https:\/\/destine-life.eu\/?page_id=823\">ecological coridor<\/a>, <a href=\"https:\/\/destine-life.eu\/?page_id=825\">education<\/a>, <a href=\"https:\/\/destine-life.eu\/?page_id=827\">energy autonomy<\/a>, <a href=\"https:\/\/destine-life.eu\/?page_id=829\">energy community<\/a>,<br \/>\n<a href=\"https:\/\/destine-life.eu\/?page_id=834\">energy efficiency<\/a>, <a href=\"https:\/\/destine-life.eu\/?page_id=836\">energy planning<\/a>, <a href=\"https:\/\/destine-life.eu\/?page_id=838\">energy poverty<\/a>, <a href=\"https:\/\/destine-life.eu\/?page_id=840\">energy storage<\/a>,\u00a0 <a href=\"https:\/\/destine-life.eu\/?page_id=842\">energy renovation<\/a>, <a href=\"https:\/\/destine-life.eu\/?page_id=844\">energy transition<\/a>, <a href=\"https:\/\/destine-life.eu\/?page_id=846\">financial model<\/a>, <a href=\"https:\/\/destine-life.eu\/?page_id=848\">freight mobility<\/a>, <a href=\"https:\/\/destine-life.eu\/?page_id=850\">geothermal energy<\/a>, <a href=\"https:\/\/destine-life.eu\/?page_id=852\">governance<\/a>, <a href=\"https:\/\/destine-life.eu\/?page_id=854\">green technology<\/a>, <a href=\"https:\/\/destine-life.eu\/?page_id=856\">grid<\/a>,\u00a0 <a href=\"https:\/\/destine-life.eu\/?page_id=858\">heating-cooling<\/a>, <a href=\"https:\/\/destine-life.eu\/?page_id=860\">historic<\/a>, <a href=\"https:\/\/destine-life.eu\/?page_id=862\">hydrocarbon wells<\/a>, <a href=\"https:\/\/destine-life.eu\/?page_id=864\">hydrogen<\/a>, <a href=\"https:\/\/destine-life.eu\/?page_id=866\">ICT tool<\/a>,<br \/>\n<a href=\"https:\/\/destine-life.eu\/?page_id=868\">industry<\/a>, <a href=\"https:\/\/destine-life.eu\/?page_id=870\">lighting<\/a>, <a href=\"https:\/\/destine-life.eu\/?page_id=872\">local authority<\/a>, <a href=\"https:\/\/destine-life.eu\/?page_id=874\">logistics<\/a>, <a href=\"https:\/\/destine-life.eu\/?page_id=876\">low carbon<\/a>, <a href=\"https:\/\/destine-life.eu\/?page_id=878\">mobility<\/a>, <a href=\"https:\/\/destine-life.eu\/?page_id=880\">municipality<\/a>, <a href=\"https:\/\/destine-life.eu\/?page_id=882\">navigation<\/a>, <a href=\"https:\/\/destine-life.eu\/?page_id=884\">net zero energy building<\/a>, <a href=\"https:\/\/destine-life.eu\/?page_id=886\">policy<\/a>, <a href=\"https:\/\/destine-life.eu\/?page_id=888\">public authority<\/a>, <a href=\"https:\/\/destine-life.eu\/?page_id=890\">public buildings<\/a>, <a href=\"https:\/\/destine-life.eu\/?page_id=892\">public transport<\/a>, <a href=\"https:\/\/destine-life.eu\/?page_id=894\">renewable energy<\/a>,\u00a0 <a href=\"https:\/\/destine-life.eu\/?page_id=896\">renovation<\/a>, <a href=\"https:\/\/destine-life.eu\/?page_id=898\">rural regions<\/a>, <a href=\"https:\/\/destine-life.eu\/?page_id=900\">smart grid<\/a>, <a href=\"https:\/\/destine-life.eu\/?page_id=902\">SME<\/a>, <a href=\"https:\/\/destine-life.eu\/?page_id=904\">solar energy<\/a>, <a href=\"https:\/\/destine-life.eu\/?page_id=906\">strategy<\/a>,<br \/>\n<a href=\"https:\/\/destine-life.eu\/?page_id=908\">toolkit<\/a>, <a href=\"https:\/\/destine-life.eu\/?page_id=910\">training<\/a>, <a href=\"https:\/\/destine-life.eu\/?page_id=912\">transport<\/a>, <a href=\"https:\/\/destine-life.eu\/?page_id=914\">urban planning<\/a>, <a href=\"https:\/\/destine-life.eu\/?page_id=916\">vessel transport<\/a>, <a href=\"https:\/\/destine-life.eu\/?page_id=918\">waste heat<\/a>, <a href=\"https:\/\/destine-life.eu\/?page_id=920\">waterway transport<\/a>, <a href=\"https:\/\/destine-life.eu\/?page_id=922\">web platform<\/a>, <a href=\"https:\/\/destine-life.eu\/?page_id=924\">3D energy management system<\/a><\/p>\n\n<table id=\"tablepress-32\" class=\"tablepress tablepress-id-32\">\n<thead>\n<tr class=\"row-1\">\n\t<th class=\"column-1\">Project ancronym<\/th><th class=\"column-2\">Project full title<\/th><th class=\"column-3\">Program<\/th><th class=\"column-4\">Duration<\/th><th class=\"column-5\">Objectives<\/th><th class=\"column-6\">Keywords<\/th><th class=\"column-7\">LP organisation <\/th><th class=\"column-8\">LP contact (name)<\/th>\n<\/tr>\n<\/thead>\n<tbody class=\"row-striping row-hover\">\n<tr class=\"row-2\">\n\t<td class=\"column-1\">FIRECE<\/td><td class=\"column-2\">The FIRECE project - fi-compass support for energy efficiency and renewable energy financial instruments<br \/>\n<br \/>\n<a href=\"https:\/\/programme2014-20.interreg-central.eu\/Content.Node\/FIRECE.html\" target=\"_blank\">https:\/\/programme2014-20.interreg-central.eu\/Content.Node\/FIRECE.html<\/a><\/td><td class=\"column-3\">INTERREG Central Europe 2014-2020<\/td><td class=\"column-4\">2017-2020<\/td><td class=\"column-5\">FIRECE project aimed at supporting the industry low carbon transition according to the Regional Energy Plans with the implementation of\u00a0Innovative financial instruments addressed to SMEs.<\/td><td class=\"column-6\">industry, low carbon, energy planning, financial model, SME<\/td><td class=\"column-7\">Chamber of Commerce, Industry, Craft and Agruculture of Venice, Rovigo Delta Lagunare<br \/>\n<br \/>\nItaly<\/td><td class=\"column-8\">Patrizia Reddi<br \/>\n<br \/>\npatrizia.reddi@dl.camcom.it<\/td>\n<\/tr>\n<tr class=\"row-3\">\n\t<td class=\"column-1\">SMEnergy<\/td><td class=\"column-2\">Service centres and transformation path for a bigger share of renewable energy use of SMEs<br \/>\n<br \/>\n<a href=\"https:\/\/interreg-danube.eu\/projects\/smenergy\" target=\"_blank\">https:\/\/interreg-danube.eu\/projects\/smenergy<\/a><\/td><td class=\"column-3\">Interreg Danube Region Programme 2021-2027<\/td><td class=\"column-4\">2024-2026<\/td><td class=\"column-5\">SMEnergy project aims to create a\u00a0pilot network\u00a0of regional\/countrywide service centers in order to support energy-intensive SMEs in accelerating the transition to adopting renewable energies. Corresponding outputs can be achieved only through transnational collaboration: an\u00a0energy transition\u00a0 roadmap\u00a0providing answers to diverse company maturity &amp; situations, as well as the model operation of\u00a0Green Energy Knowledge, Operation and Service Hubs (GEKOS),\u00a0assuring single-channel service, equipped with a cross-border green energy database and marketplace. Due to scalability, we must meet the needs of SMEs that are only just considering their energy transition, but also those that are already at the forefront of this. The final aim of the project is to create both national and transnational strategies\/toolkits on how the diverse SME segments can be better supported in the increased use of renewables.\u00a0<\/td><td class=\"column-6\">energy transition, SME, renewable energy<\/td><td class=\"column-7\">Local Energy Agency Spodnje Podravje<br \/>\n<br \/>\nSlovenia<\/td><td class=\"column-8\">Tea Poto\u010dnik<br \/>\n<br \/>\ntea.potocnik@lea-ptuj.si<\/td>\n<\/tr>\n<tr class=\"row-4\">\n\t<td class=\"column-1\">Greetgeo<\/td><td class=\"column-2\">Green transition with geothermal energy<br \/>\n<br \/>\n<a href=\"https:\/\/greetgeo.eu\/\" target=\"_blank\">https:\/\/greetgeo.eu\/<\/a><\/td><td class=\"column-3\">European Innovation Council and SMEs Executive Agency green research and innovation programme under gran agreement N\u00ba1011180405<\/td><td class=\"column-4\">2025-2027<\/td><td class=\"column-5\">Greet GEO will increase the capacity of regional innovation ecosystems, especially SMEs in certain less developed Central European (Pannonian Basin) regions and in selected outermost regions in a synergetic manner. It focuses on the utilization of geothermal resources with a holistic approach, with niche pilots in deep geothermal and shallow geothermal, in line with the specific domains and niches, and needs of the target regions.<\/td><td class=\"column-6\">geothermal energy, SME, capacity increase, policy<\/td><td class=\"column-7\">Energy institute\u00a0HRVOJE PO\u017dAR<br \/>\n<br \/>\nCroatia<\/td><td class=\"column-8\">Dra\u017een Jak\u0161i\u0107<br \/>\n<br \/>\neihp@eihp.hr<\/td>\n<\/tr>\n<\/tbody>\n<\/table>\n<!-- #tablepress-32 from cache -->\n","protected":false},"excerpt":{"rendered":"<p>KEYWORDS ALL action plan, agriculture, airport, air quality, best practices, biomass,\u00a0 carbon storage, citizen involvement, district heating, ecological coridor, education, energy autonomy, energy community, energy efficiency, energy planning, energy poverty, energy storage,\u00a0 energy renovation, energy transition, financial model, freight mobility, geothermal energy, governance, green technology, grid,\u00a0 heating-cooling, historic, hydrocarbon wells, hydrogen, ICT tool, industry, lighting, &hellip; <a href=\"https:\/\/destine-life.eu\/?page_id=902\" class=\"more-link\">Continue reading <span class=\"screen-reader-text\">Project Database 2025 \/ SME<\/span> <span class=\"meta-nav\">&rarr;<\/span><\/a><\/p>\n","protected":false},"author":1,"featured_media":0,"parent":0,"menu_order":0,"comment_status":"closed","ping_status":"closed","template":"","meta":{"footnotes":""},"class_list":["post-902","page","type-page","status-publish","hentry"],"_links":{"self":[{"href":"https:\/\/destine-life.eu\/index.php?rest_route=\/wp\/v2\/pages\/902","targetHints":{"allow":["GET"]}}],"collection":[{"href":"https:\/\/destine-life.eu\/index.php?rest_route=\/wp\/v2\/pages"}],"about":[{"href":"https:\/\/destine-life.eu\/index.php?rest_route=\/wp\/v2\/types\/page"}],"author":[{"embeddable":true,"href":"https:\/\/destine-life.eu\/index.php?rest_route=\/wp\/v2\/users\/1"}],"replies":[{"embeddable":true,"href":"https:\/\/destine-life.eu\/index.php?rest_route=%2Fwp%2Fv2%2Fcomments&post=902"}],"version-history":[{"count":2,"href":"https:\/\/destine-life.eu\/index.php?rest_route=\/wp\/v2\/pages\/902\/revisions"}],"predecessor-version":[{"id":946,"href":"https:\/\/destine-life.eu\/index.php?rest_route=\/wp\/v2\/pages\/902\/revisions\/946"}],"wp:attachment":[{"href":"https:\/\/destine-life.eu\/index.php?rest_route=%2Fwp%2Fv2%2Fmedia&parent=902"}],"curies":[{"name":"wp","href":"https:\/\/api.w.org\/{rel}","templated":true}]}}