{"id":914,"date":"2025-11-07T14:42:27","date_gmt":"2025-11-07T14:42:27","guid":{"rendered":"https:\/\/destine-life.eu\/?page_id=914"},"modified":"2025-11-11T13:54:07","modified_gmt":"2025-11-11T13:54:07","slug":"project-database-2025-urban-planning","status":"publish","type":"page","link":"https:\/\/destine-life.eu\/?page_id=914","title":{"rendered":"Project Database 2025 \/ Urban Planning"},"content":{"rendered":"<p>KEYWORDS<\/p>\n<p><a href=\"https:\/\/destine-life.eu\/?page_id=665\">ALL<\/a><br \/>\n<a href=\"https:\/\/destine-life.eu\/?page_id=801\">action plan<\/a>, <a href=\"https:\/\/destine-life.eu\/?page_id=805\">agriculture<\/a>, <a href=\"https:\/\/destine-life.eu\/?page_id=732\">airport<\/a>, <a href=\"https:\/\/destine-life.eu\/?page_id=810\">air quality<\/a>, <a href=\"https:\/\/destine-life.eu\/?page_id=812\">best practices<\/a>, <a href=\"https:\/\/destine-life.eu\/?page_id=815\">biomass<\/a>,\u00a0 <a href=\"https:\/\/destine-life.eu\/?page_id=817\">carbon storage<\/a>, <a href=\"https:\/\/destine-life.eu\/?page_id=819\">citizen involvement<\/a>, <a href=\"https:\/\/destine-life.eu\/?page_id=821\">district heating<\/a>, <a href=\"https:\/\/destine-life.eu\/?page_id=823\">ecological coridor<\/a>, <a href=\"https:\/\/destine-life.eu\/?page_id=825\">education<\/a>, <a href=\"https:\/\/destine-life.eu\/?page_id=827\">energy autonomy<\/a>, <a href=\"https:\/\/destine-life.eu\/?page_id=829\">energy community<\/a>,<br \/>\n<a href=\"https:\/\/destine-life.eu\/?page_id=834\">energy efficiency<\/a>, <a href=\"https:\/\/destine-life.eu\/?page_id=836\">energy planning<\/a>, <a href=\"https:\/\/destine-life.eu\/?page_id=838\">energy poverty<\/a>, <a href=\"https:\/\/destine-life.eu\/?page_id=840\">energy storage<\/a>,\u00a0 <a href=\"https:\/\/destine-life.eu\/?page_id=842\">energy renovation<\/a>, <a href=\"https:\/\/destine-life.eu\/?page_id=844\">energy transition<\/a>, <a href=\"https:\/\/destine-life.eu\/?page_id=846\">financial model<\/a>, <a href=\"https:\/\/destine-life.eu\/?page_id=848\">freight mobility<\/a>, <a href=\"https:\/\/destine-life.eu\/?page_id=850\">geothermal energy<\/a>, <a href=\"https:\/\/destine-life.eu\/?page_id=852\">governance<\/a>, <a href=\"https:\/\/destine-life.eu\/?page_id=854\">green technology<\/a>, <a href=\"https:\/\/destine-life.eu\/?page_id=856\">grid<\/a>,\u00a0 <a href=\"https:\/\/destine-life.eu\/?page_id=858\">heating-cooling<\/a>, <a href=\"https:\/\/destine-life.eu\/?page_id=860\">historic<\/a>, <a href=\"https:\/\/destine-life.eu\/?page_id=862\">hydrocarbon wells<\/a>, <a href=\"https:\/\/destine-life.eu\/?page_id=864\">hydrogen<\/a>, <a href=\"https:\/\/destine-life.eu\/?page_id=866\">ICT tool<\/a>,<br \/>\n<a href=\"https:\/\/destine-life.eu\/?page_id=868\">industry<\/a>, <a href=\"https:\/\/destine-life.eu\/?page_id=870\">lighting<\/a>, <a href=\"https:\/\/destine-life.eu\/?page_id=872\">local authority<\/a>, <a href=\"https:\/\/destine-life.eu\/?page_id=874\">logistics<\/a>, <a href=\"https:\/\/destine-life.eu\/?page_id=876\">low carbon<\/a>, <a href=\"https:\/\/destine-life.eu\/?page_id=878\">mobility<\/a>, <a href=\"https:\/\/destine-life.eu\/?page_id=880\">municipality<\/a>, <a href=\"https:\/\/destine-life.eu\/?page_id=882\">navigation<\/a>, <a href=\"https:\/\/destine-life.eu\/?page_id=884\">net zero energy building<\/a>, <a href=\"https:\/\/destine-life.eu\/?page_id=886\">policy<\/a>, <a href=\"https:\/\/destine-life.eu\/?page_id=888\">public authority<\/a>, <a href=\"https:\/\/destine-life.eu\/?page_id=890\">public buildings<\/a>, <a href=\"https:\/\/destine-life.eu\/?page_id=892\">public transport<\/a>, <a href=\"https:\/\/destine-life.eu\/?page_id=894\">renewable energy<\/a>,\u00a0 <a href=\"https:\/\/destine-life.eu\/?page_id=896\">renovation<\/a>, <a href=\"https:\/\/destine-life.eu\/?page_id=898\">rural regions<\/a>, <a href=\"https:\/\/destine-life.eu\/?page_id=900\">smart grid<\/a>, <a href=\"https:\/\/destine-life.eu\/?page_id=902\">SME<\/a>, <a href=\"https:\/\/destine-life.eu\/?page_id=904\">solar energy<\/a>, <a href=\"https:\/\/destine-life.eu\/?page_id=906\">strategy<\/a>,<br \/>\n<a href=\"https:\/\/destine-life.eu\/?page_id=908\">toolkit<\/a>, <a href=\"https:\/\/destine-life.eu\/?page_id=910\">training<\/a>, <a href=\"https:\/\/destine-life.eu\/?page_id=912\">transport<\/a>, <a href=\"https:\/\/destine-life.eu\/?page_id=914\">urban planning<\/a>, <a href=\"https:\/\/destine-life.eu\/?page_id=916\">vessel transport<\/a>, <a href=\"https:\/\/destine-life.eu\/?page_id=918\">waste heat<\/a>, <a href=\"https:\/\/destine-life.eu\/?page_id=920\">waterway transport<\/a>, <a href=\"https:\/\/destine-life.eu\/?page_id=922\">web platform<\/a>, <a href=\"https:\/\/destine-life.eu\/?page_id=924\">3D energy management system<\/a><\/p>\n\n<table id=\"tablepress-26\" class=\"tablepress tablepress-id-26\">\n<thead>\n<tr class=\"row-1\">\n\t<th class=\"column-1\">Project ancronym<\/th><th class=\"column-2\">Project full title<\/th><th class=\"column-3\">Program<\/th><th class=\"column-4\">Duration<\/th><th class=\"column-5\">Objectives<\/th><th class=\"column-6\">Keywords<\/th><th class=\"column-7\">LP organisation <\/th><th class=\"column-8\">LP contact (name)<\/th>\n<\/tr>\n<\/thead>\n<tbody class=\"row-striping row-hover\">\n<tr class=\"row-2\">\n\t<td class=\"column-1\">LAirA<\/td><td class=\"column-2\">Landside Airport Accessibility<br \/>\n<br \/>\n<a href=\"https:\/\/programme2014-20.interreg-central.eu\/Content.Node\/LAirA.html\" target=\"_blank\">https:\/\/programme2014-20.interreg-central.eu\/Content.Node\/LAirA.html<\/a><\/td><td class=\"column-3\">INTERREG Central Europe 2014-2020<\/td><td class=\"column-4\">2017-2019<\/td><td class=\"column-5\">LAirA\u00a0(Landside Airport Accessibility) addresses the multimodal, smart and low carbon mobility integration of airports in the mobility systems of functional urban areas. The project aimed to reduce energy use and environmental impacts of transport activities by changing mobility behaviours of airport passengers and employees and by creating novel strategies in low carbon mobility planning for local authorities.<\/td><td class=\"column-6\">airport , low carbon,  mobility, urban planning, strategy, local authority<\/td><td class=\"column-7\">Budapest F\u0151v\u00e1ros XVIII. ker\u00fclet Pestszentl\u0151rinc-Pestszentimrei Polg\u00e1rmesteri Hivatal<br \/>\n<br \/>\nHungary<\/td><td class=\"column-8\">laira@bp18.hu<\/td>\n<\/tr>\n<tr class=\"row-3\">\n\t<td class=\"column-1\">LOW-CARB<\/td><td class=\"column-2\">Planning for Low-Carbon Mobility<br \/>\n<br \/>\n<a href=\"https:\/\/programme2014-20.interreg-central.eu\/Content.Node\/LOW-CARB.html\" target=\"_blank\">https:\/\/programme2014-20.interreg-central.eu\/Content.Node\/LOW-CARB.html<\/a><\/td><td class=\"column-3\">INTERREG Central Europe 2014-2020<\/td><td class=\"column-4\">2018-2020<\/td><td class=\"column-5\">LOW-CARB was a transnational project in Central Europe increasing the planning capacities of organisations and city governments to transition to low-carbon mobility and transportation. It tackled burning issues of\u00a0Sustainable Urban Mobility Planning\u00a0such as integrating low-carbon mobility measures for users, creating institutional cooperation and fostering joint financing, as well as facilitating Functional Urban Areas with creating action plans that make low-carbon transit a reality. It ran during 2020.<\/td><td class=\"column-6\">low-carbon, mobility, public transport, urban planning, financial model<\/td><td class=\"column-7\">Leipziger Verkehrsbetriebe GmbH<br \/>\n<br \/>\nGermany<\/td><td class=\"column-8\">Carsten Schuldt<br \/>\n<br \/>\ncarsten.schuldt@L.de<\/td>\n<\/tr>\n<tr class=\"row-4\">\n\t<td class=\"column-1\">MOVECIT<\/td><td class=\"column-2\">Engaging employers from public bodies in establishing sustainable mobility and mobility\u00a0planning<br \/>\n<br \/>\n<a href=\"https:\/\/programme2014-20.interreg-central.eu\/Content.Node\/MOVECIT.html\" target=\"_blank\">https:\/\/programme2014-20.interreg-central.eu\/Content.Node\/MOVECIT.html<\/a><\/td><td class=\"column-3\">INTERREG Central Europe 2014-2020<\/td><td class=\"column-4\">2016-2019<\/td><td class=\"column-5\">The project has addressed the challenge of arising number of individual motorized transportation.\u00a0It targets mostly the employees of the city public institutions which are mainly responsible for development of city, which are responsible for own travel commuting habits and impact on low carbon environment.<\/td><td class=\"column-6\">low-carbon, mobility, public transport, urban planning, <\/td><td class=\"column-7\">-<\/td><td class=\"column-8\">-<\/td>\n<\/tr>\n<tr class=\"row-5\">\n\t<td class=\"column-1\">STORE4HUC<\/td><td class=\"column-2\"><a href=\"https:\/\/programme2014-20.interreg-central.eu\/Content.Node\/Store4HUC.html\" target=\"_blank\">https:\/\/programme2014-20.interreg-central.eu\/Content.Node\/Store4HUC.html<\/a><\/td><td class=\"column-3\">INTERREG Central Europe 2014-2020<\/td><td class=\"column-4\">2019-2022<\/td><td class=\"column-5\">The\u00a0STORE4HUC\u00a0project aimed to improve territorial low-carbon energy planning strategies. It enriched policies that support climate mitigation in historic urban centers by developing\u00a0policy recommendations\u00a0for implementation and sharing lessons learned in\u00a0our four pilot sites. There, we realized storage solutions in historic urban areas and experienced and overcame difficulties firsthand. We also developed\u00a0energy management tools\u00a0for various stakeholders to help them make decisions about investing in an energy storage solution.<\/td><td class=\"column-6\">low-carbon, energy planning, urban planning, strategy, policy, historic, energy storage<\/td><td class=\"column-7\">Development Agency Sinergija<br \/>\n<br \/>\nSlovenia<\/td><td class=\"column-8\">sinergija@ra-sinergija.si<\/td>\n<\/tr>\n<tr class=\"row-6\">\n\t<td class=\"column-1\">SULPiTER<\/td><td class=\"column-2\">Sustainable Urban Logistics PlannIng To Enhance Regional Freight. Transport<br \/>\n<br \/>\n<a href=\"https:\/\/programme2014-20.interreg-central.eu\/Content.Node\/SULPiTER.html\" target=\"_blank\">https:\/\/programme2014-20.interreg-central.eu\/Content.Node\/SULPiTER.html<\/a><\/td><td class=\"column-3\">INTERREG Cerntral Europe 2014-2020<\/td><td class=\"column-4\">-<\/td><td class=\"column-5\">SULPITER\u00a0has\u00a0supported policy makers in improving their understanding of FUAs freight\u00a0phenomena in an energy and environmental perspective. The project has\u00a0enhanced their capacity in urban freight mobility planning\u00a0in order to develop and adopt\u00a0sustainable urban logistics plans\u00a0(SULPs). Policy makers in Bologna, Budapest, Poznan, Brescia, Stuttgart, Maribor and Rijeka have worked together with further local, regional and national non-partner authorities and with technical partners.<\/td><td class=\"column-6\">freight mobility, urban planning, strategy<\/td><td class=\"column-7\">Institute for Transport and Logistics Foundation - ITL<br \/>\n<br \/>\nItaly<\/td><td class=\"column-8\">giueseppe.luppino@regione.emilia-romagna.it<\/td>\n<\/tr>\n<tr class=\"row-7\">\n\t<td class=\"column-1\">TOGETHER<\/td><td class=\"column-2\"><a href=\"https:\/\/programme2014-20.interreg-central.eu\/Content.Node\/TOGETHER.html\" target=\"_blank\">https:\/\/programme2014-20.interreg-central.eu\/Content.Node\/TOGETHER.html<\/a><\/td><td class=\"column-3\">INTERREG Central Europe 2014-2020<\/td><td class=\"column-4\">2016-2019<\/td><td class=\"column-5\">TOGETHER aimed at changing the existing atomistic vision into a holistic vision of the buildings as a whole of functions and relationships between physical space, technological devices and users\u2019 needs-behaviour.\u00a0<\/td><td class=\"column-6\">public buildings, urban planning, public authority, energy efficiency<\/td><td class=\"column-7\">Province of Treviso<br \/>\n<br \/>\nItaly<\/td><td class=\"column-8\">Frederica Giandolo<br \/>\n<br \/>\neuropa@provincia.treviso.it<\/td>\n<\/tr>\n<tr class=\"row-8\">\n\t<td class=\"column-1\">ZEB4ZEN<\/td><td class=\"column-2\">Zero energy buildings for zero energy neighbourhoods<br \/>\n<br \/>\n<a href=\"https:\/\/www.interreg-central.eu\/projects\/zeb4zen\/\" target=\"_blank\">https:\/\/www.interreg-central.eu\/projects\/zeb4zen\/<\/a><\/td><td class=\"column-3\">INTERREG Central Europe 2021-2027<\/td><td class=\"column-4\">2023-2026<\/td><td class=\"column-5\">Public zero-energy buildings produce enough renewable energy to meet their own annual energy consumption requirements. They help regions and cities to save energy and money. But what to do in historic neighbourhoods with rigid building protection rules? The ZEB4ZEN project develops a transferrable transnational methodology and regional action plans for achieving zero-emission standards, which they also test in pilot actions in historic city neighbourhoods.<\/td><td class=\"column-6\">net zero energy building, renewable energy, historic, urban planning, public buildings<\/td><td class=\"column-7\">Energy Institute Hrvoje Po\u017ear<br \/>\n<br \/>\nCroatia<\/td><td class=\"column-8\">Matija Vajdi\u0107<br \/>\n<br \/>\nmvajdic@eihp.hr<\/td>\n<\/tr>\n<tr class=\"row-9\">\n\t<td class=\"column-1\">Solar4CE-Cities<\/td><td class=\"column-2\">Boosting urban solar revolution for Central Europe<br \/>\n<br \/>\n<a href=\"https:\/\/www.interreg-central.eu\/projects\/solar4ce-cities\/\" target=\"_blank\">https:\/\/www.interreg-central.eu\/projects\/solar4ce-cities\/<\/a><\/td><td class=\"column-3\">INTERREG Central Europe 2021-2027<\/td><td class=\"column-4\">2024-2027<\/td><td class=\"column-5\">A wider use of solar energy in urban areas is often hindered by insufficient policy frameworks that lead to administrative, technological, and financial barriers. The Solar4CE-Cities project helps cities to change this by promoting the prosumption approach. Prosumers are citizens or entities that not only consume but also produce renewable energy and thus contribute to decarbonise their communities. The partners assess existing prosumer schemes, create new business models, pilot prosumer communities, and involve stakeholders to increase solar energy adoption in cities.<\/td><td class=\"column-6\">solar energy, urban planning, strategy, energy community, financial model, municipality<\/td><td class=\"column-7\">Municipality of Budapest<br \/>\n<br \/>\nHungary<\/td><td class=\"column-8\">Rita Andrasek<br \/>\n<br \/>\nandrasek.rita@budapest.hu<\/td>\n<\/tr>\n<tr class=\"row-10\">\n\t<td class=\"column-1\">CHESTNUT<\/td><td class=\"column-2\">CompreHensive Elaboration of Strategic plaNs for sustainable Urban Transport<br \/>\n<br \/>\n<a href=\"https:\/\/dtp.interreg-danube.eu\/approved-projects\/chestnut\" target=\"_blank\">https:\/\/dtp.interreg-danube.eu\/approved-projects\/chestnut<\/a><\/td><td class=\"column-3\">INTERREG Danube Transnational Programme 2014-2020<\/td><td class=\"column-4\">2016-2019<\/td><td class=\"column-5\">CHESTNUT will contribute to developing a better-connected &amp; interoperable environmentally friendly transport &amp; safe system in functional urban areas (FUA) of Danube Region, overall based on integration between more sustainable means.<\/td><td class=\"column-6\">transport, urban planning, strategy<\/td><td class=\"column-7\">Municipality of Velenje<br \/>\n<br \/>\nSlovenia<\/td><td class=\"column-8\">Marko Govek<br \/>\n<br \/>\nmarko.govek@velenje.si<\/td>\n<\/tr>\n<tr class=\"row-11\">\n\t<td class=\"column-1\">CITYWALK<\/td><td class=\"column-2\">Towards energy responsible places: establishing walkable cities in the Danube Region<br \/>\n<br \/>\n<a href=\"https:\/\/dtp.interreg-danube.eu\/approved-projects\/citywalk\" target=\"_blank\">https:\/\/dtp.interreg-danube.eu\/approved-projects\/citywalk<\/a><\/td><td class=\"column-3\">INTERREG Danube Transnational Programme 2014-2020<\/td><td class=\"column-4\">2016-2019<\/td><td class=\"column-5\">CityWalk project helps cities in the Danube Region to reduce emissions, noise and to become safer, better places to live, by increasing the role of more sustainable forms of mobility in the urban transport mix, especially active transport forms \u2013 like walking and biking. To do so the main focus of project is to improve the key conditions of walkability.<\/td><td class=\"column-6\">air quality, mobility, municipality, urban planning<\/td><td class=\"column-7\">Scientific Research centre Bistra Ptuj<br \/>\n<br \/>\nSlovenia<\/td><td class=\"column-8\">Danilo Ceh<br \/>\n<br \/>\ndanilo.ceh@bistra.si<\/td>\n<\/tr>\n<\/tbody>\n<\/table>\n<!-- #tablepress-26 from cache -->\n","protected":false},"excerpt":{"rendered":"<p>KEYWORDS ALL action plan, agriculture, airport, air quality, best practices, biomass,\u00a0 carbon storage, citizen involvement, district heating, ecological coridor, education, energy autonomy, energy community, energy efficiency, energy planning, energy poverty, energy storage,\u00a0 energy renovation, energy transition, financial model, freight mobility, geothermal energy, governance, green technology, grid,\u00a0 heating-cooling, historic, hydrocarbon wells, hydrogen, ICT tool, industry, lighting, &hellip; <a href=\"https:\/\/destine-life.eu\/?page_id=914\" class=\"more-link\">Continue reading <span class=\"screen-reader-text\">Project Database 2025 \/ Urban Planning<\/span> <span class=\"meta-nav\">&rarr;<\/span><\/a><\/p>\n","protected":false},"author":1,"featured_media":0,"parent":0,"menu_order":0,"comment_status":"closed","ping_status":"closed","template":"","meta":{"footnotes":""},"class_list":["post-914","page","type-page","status-publish","hentry"],"_links":{"self":[{"href":"https:\/\/destine-life.eu\/index.php?rest_route=\/wp\/v2\/pages\/914","targetHints":{"allow":["GET"]}}],"collection":[{"href":"https:\/\/destine-life.eu\/index.php?rest_route=\/wp\/v2\/pages"}],"about":[{"href":"https:\/\/destine-life.eu\/index.php?rest_route=\/wp\/v2\/types\/page"}],"author":[{"embeddable":true,"href":"https:\/\/destine-life.eu\/index.php?rest_route=\/wp\/v2\/users\/1"}],"replies":[{"embeddable":true,"href":"https:\/\/destine-life.eu\/index.php?rest_route=%2Fwp%2Fv2%2Fcomments&post=914"}],"version-history":[{"count":2,"href":"https:\/\/destine-life.eu\/index.php?rest_route=\/wp\/v2\/pages\/914\/revisions"}],"predecessor-version":[{"id":940,"href":"https:\/\/destine-life.eu\/index.php?rest_route=\/wp\/v2\/pages\/914\/revisions\/940"}],"wp:attachment":[{"href":"https:\/\/destine-life.eu\/index.php?rest_route=%2Fwp%2Fv2%2Fmedia&parent=914"}],"curies":[{"name":"wp","href":"https:\/\/api.w.org\/{rel}","templated":true}]}}